{"id":4754,"date":"2022-05-23T17:10:24","date_gmt":"2022-05-23T21:10:24","guid":{"rendered":"https:\/\/webdealta.info\/?page_id=4754"},"modified":"2022-12-21T15:29:24","modified_gmt":"2022-12-21T19:29:24","slug":"actualizate","status":"publish","type":"page","link":"https:\/\/webdealta.info\/?page_id=4754","title":{"rendered":"Actual\u00edzate"},"content":{"rendered":"\n<h1>La Spanish Celebrities Casino Slots de MGA Games<br \/>anuncia el lanzamiento de Rebeca Dama Fortuna<\/h1>\n<p><img loading=\"lazy\" decoding=\"async\" class=\"alignnone size-medium wp-image-6135 aligncenter\" src=\"https:\/\/webdealta.info\/wp-content\/uploads\/2022\/12\/mga-300x195.jpg\" alt=\"\" width=\"300\" height=\"195\" srcset=\"https:\/\/webdealta.info\/wp-content\/uploads\/2022\/12\/mga.jpg 300w, https:\/\/webdealta.info\/wp-content\/uploads\/2022\/12\/mga.jpg 576w\" sizes=\"auto, (max-width: 300px) 100vw, 300px\" \/><\/p>\n<p>\u00a0<\/p>\n<p>La nueva producci\u00f3n de Spanish Celebrities Casino Slots de <a href=\"https:\/\/betragaperras.es\/proveedores\/mga\">MGA Games<\/a> es Rebeca Dama<br \/>Fortuna, cuyo lanzamiento ser\u00e1 el 5 de diciembre de 2022. Es una tragamonedas<br \/>protagonizada por la popular cantante y colaboradora de televisi\u00f3n, <a href=\"https:\/\/es.wikipedia.org\/wiki\/Rebeca_Manr%C3%ADquez\">Rebeca Manr\u00edquez<\/a> , que<br \/>se coloca un traje de superhero\u00edna para salvar al mundo de la devastaci\u00f3n.<br \/>En esta nueva producci\u00f3n del estudio MGA Games se presume que hay un cambio visual<br \/>muy importante. Esto debido a la novedosa combinaci\u00f3n de realismo y est\u00e9tica de historieta<br \/>gr\u00e1fica y se considera como una propuesta de entretenimiento que no es de este mundo.<br \/>Descripci\u00f3n de nueva Spanish Celebrities Casino Slots<br \/>Rebeca Dama Fortuna, es una <a href=\"https:\/\/betragaperras.es\/tragaperras-gratis\">tragamonedas en l\u00ednea<\/a> de cinco rodillos cuyo personaje<br \/>principal es interpretado por la cantante y colaboradora de televisi\u00f3n Rebeca. La<br \/>tragamonedas tiene un atractivo estilo de c\u00f3mic y los jugadores entrar\u00e1n a un incre\u00edble<br \/>mundo de poderes sobrenaturales.<br \/>La tragamonedas cuenta con un juego principal y tres minijuegos a los que los jugadores<br \/>pueden acceder despu\u00e9s de desbloquearlos. En el juego principal Rebeca se prepara para la<br \/>batalla acompa\u00f1ada de figuras tematizadas, entre ellos escudos, artefactos de poder y<br \/>robots.<br \/>En el juego principal se activa tambi\u00e9n la funci\u00f3n Wild y cuando aparecen tres o m\u00e1s de<br \/>este s\u00edmbolo especial se activa la funci\u00f3n Free Spins. Con la que se puede obtener hasta 20<br \/>Free Spins.<br \/>El juego incluye tambi\u00e9n s\u00edmbolos bonus, cuando se consiguen tres o m\u00e1s de este s\u00edmbolo<br \/>el jugador accede a la selecci\u00f3n de minijuegos. Cuando se consigue ingresar varias veces a<br \/>esta secci\u00f3n del juego los diferentes minijuegos se desbloquean uno tras otro.<br \/>Al estar liberados dos o m\u00e1s de estos minijuegos los jugadores son los que deben decidir<br \/>con cu\u00e1l minijuego jugar.<\/p>\n<p>Minijuegos<br \/>La tragamonedas Rebeca Dama Fortuna tiene tres minijuegos: el primero de ellos es la<br \/>Hero\u00edna en riesgo. Este juego se desarrolla en una ruleta que tiene ocho posibles premios, el<br \/>jugador debe activar el artefacto de poder y lo puede detener cuando lo desee para obtener<br \/>un premio.<br \/>El segundo minijuego es un Ataque inesperado para conseguir un premio en este juego<br \/>Rebeca Dama Fortuna tiene que derrotar a los robots. El tercer minijuego es Guardiana<br \/>Estelar en este juego la superhero\u00edna debe enfrentarse y vencer a un cyborg hasta que<br \/>aparezca la palabra EXIT.<br \/>Los premios de los minijuegos tienen una ganancia m\u00e1xima de 196 veces la apuesta y<br \/>funciona con el sistema de carga secuencial. El cual proporciona tiempos de carga m\u00e1s<br \/>r\u00e1pidos lo que permite jugar de forma inmediata en cualquier dispositivo m\u00f3vil.<br \/>La tragamonedas tambi\u00e9n cuenta con el dise\u00f1o Triple Vista de MGA Games con el<br \/>objetivo de brindar una experiencia de juego \u00fanica en cualquier posici\u00f3n.<br \/>Conociendo a MGA Games<br \/>MGA Games es una empresa l\u00edder entre los proveedores de casinos online en Espa\u00f1a y<br \/>tiene una presencia destacada en los mercados internacionales de Europa y Latinoam\u00e9rica.<br \/>Est\u00e1 especializada en el desarrollo de grandes producciones de contenidos destinados a<br \/>operadores globales en la industria del juego.<br \/>MGA Games se dedica al desarrollo y a la publicaci\u00f3n de novedosos contenidos de alta<br \/>calidad. Parte de su \u00e9xito se lo debe a su amplio y variado cat\u00e1logo de producciones, ya que<br \/>cuenta con m\u00e1s de 100 t\u00edtulos dise\u00f1ados especialmente para entretener a todo el mercado<br \/>del iGaming.<br \/>Puedes encontrar las \u00faltimas noticias sobre casinos online en Espa\u00f1a en<br \/><a href=\"https:\/\/betragaperras.es\/\">BeTragaperras.es<\/a>\u00a0<\/p>\n<p>\u00a0<\/p>\n","protected":false},"excerpt":{"rendered":"<p>La Spanish Celebrities Casino Slots de MGA Gamesanuncia el lanzamiento de Rebeca Dama Fortuna \u00a0 La nueva producci\u00f3n de Spanish Celebrities Casino Slots de MGA Games es Rebeca DamaFortuna, cuyo lanzamiento ser\u00e1 el 5 de diciembre de 2022. Es una tragamonedasprotagonizada por la popular cantante y colaboradora de televisi\u00f3n, Rebeca<\/p>\n","protected":false},"author":3,"featured_media":0,"parent":0,"menu_order":0,"comment_status":"closed","ping_status":"closed","template":"","meta":{"advanced_seo_description":"","jetpack_seo_html_title":"","jetpack_seo_noindex":false,"footnotes":""},"class_list":["post-4754","page","type-page","status-publish","hentry",""],"jetpack_sharing_enabled":true,"jetpack_likes_enabled":true,"jetpack-related-posts":[],"jetpack_shortlink":"https:\/\/wp.me\/PcseDn-1eG","_links":{"self":[{"href":"https:\/\/webdealta.info\/index.php?rest_route=\/wp\/v2\/pages\/4754","targetHints":{"allow":["GET"]}}],"collection":[{"href":"https:\/\/webdealta.info\/index.php?rest_route=\/wp\/v2\/pages"}],"about":[{"href":"https:\/\/webdealta.info\/index.php?rest_route=\/wp\/v2\/types\/page"}],"author":[{"embeddable":true,"href":"https:\/\/webdealta.info\/index.php?rest_route=\/wp\/v2\/users\/3"}],"replies":[{"embeddable":true,"href":"https:\/\/webdealta.info\/index.php?rest_route=%2Fwp%2Fv2%2Fcomments&post=4754"}],"version-history":[{"count":3,"href":"https:\/\/webdealta.info\/index.php?rest_route=\/wp\/v2\/pages\/4754\/revisions"}],"predecessor-version":[{"id":6136,"href":"https:\/\/webdealta.info\/index.php?rest_route=\/wp\/v2\/pages\/4754\/revisions\/6136"}],"wp:attachment":[{"href":"https:\/\/webdealta.info\/index.php?rest_route=%2Fwp%2Fv2%2Fmedia&parent=4754"}],"curies":[{"name":"wp","href":"https:\/\/api.w.org\/{rel}","templated":true}]}}