{"id":335,"date":"2020-10-18T23:49:15","date_gmt":"2020-10-19T03:49:15","guid":{"rendered":"http:\/\/webdealta.info\/?page_id=335"},"modified":"2020-10-18T23:57:34","modified_gmt":"2020-10-19T03:57:34","slug":"nosotros","status":"publish","type":"page","link":"https:\/\/webdealta.info\/?page_id=335","title":{"rendered":"Nosotros"},"content":{"rendered":"\n<p class=\"has-drop-cap\"><span class=\"has-inline-color has-vivid-cyan-blue-color\"> presentamos la Web de Altagracia, www.webdealta.info, Medio Digital al servicio de los habitantes del municipio Monagas, estado Gu\u00e1rico, el cual surge por iniciativa de ciudadanos comprometidos con la comunicaci\u00f3n social por considerarla el canal de expresi\u00f3n de las m\u00faltiples voces de esta tierra orituque\u00f1a. En este naciente portal encontrar\u00e1n el acontecer diario, con \u00e9nfasis en temas comunitarios, de servicios p\u00fablicos y de realce de nuestro gentilicio.<br>Estamos al servicio de la poblaci\u00f3n y nuestro compromiso lo asumimos con la responsabilidad y la veracidad que nos caracteriza.<br>Este proyecto digital viene a complementar el trabajo que durante a\u00f1os hemos realizado en el campo de la comunicaci\u00f3n y lo presentamos a ustedes con un aporte m\u00e1s al desarrollo de esta tierra, que merece ser mucho m\u00e1s visibilizada, para adem\u00e1s dejar constancia de su transformaci\u00f3n, porque creemos firmemente en las capacidades de nuestra gente y en las potencialidades de esta regi\u00f3n.<\/span><\/p>\n","protected":false},"excerpt":{"rendered":"<p>presentamos la Web de Altagracia, www.webdealta.info, Medio Digital al servicio de los habitantes del municipio Monagas, estado Gu\u00e1rico, el cual surge por iniciativa de ciudadanos comprometidos con la comunicaci\u00f3n social por considerarla el canal de expresi\u00f3n de las m\u00faltiples voces de esta tierra orituque\u00f1a. En este naciente portal encontrar\u00e1n el<\/p>\n","protected":false},"author":3,"featured_media":0,"parent":0,"menu_order":0,"comment_status":"closed","ping_status":"closed","template":"","meta":{"advanced_seo_description":"","jetpack_seo_html_title":"","jetpack_seo_noindex":false,"footnotes":""},"class_list":["post-335","page","type-page","status-publish","hentry",""],"jetpack_sharing_enabled":true,"jetpack_likes_enabled":true,"jetpack-related-posts":[],"jetpack_shortlink":"https:\/\/wp.me\/PcseDn-5p","_links":{"self":[{"href":"https:\/\/webdealta.info\/index.php?rest_route=\/wp\/v2\/pages\/335","targetHints":{"allow":["GET"]}}],"collection":[{"href":"https:\/\/webdealta.info\/index.php?rest_route=\/wp\/v2\/pages"}],"about":[{"href":"https:\/\/webdealta.info\/index.php?rest_route=\/wp\/v2\/types\/page"}],"author":[{"embeddable":true,"href":"https:\/\/webdealta.info\/index.php?rest_route=\/wp\/v2\/users\/3"}],"replies":[{"embeddable":true,"href":"https:\/\/webdealta.info\/index.php?rest_route=%2Fwp%2Fv2%2Fcomments&post=335"}],"version-history":[{"count":2,"href":"https:\/\/webdealta.info\/index.php?rest_route=\/wp\/v2\/pages\/335\/revisions"}],"predecessor-version":[{"id":338,"href":"https:\/\/webdealta.info\/index.php?rest_route=\/wp\/v2\/pages\/335\/revisions\/338"}],"wp:attachment":[{"href":"https:\/\/webdealta.info\/index.php?rest_route=%2Fwp%2Fv2%2Fmedia&parent=335"}],"curies":[{"name":"wp","href":"https:\/\/api.w.org\/{rel}","templated":true}]}}