{"id":297,"date":"2020-10-14T17:33:16","date_gmt":"2020-10-14T21:33:16","guid":{"rendered":"http:\/\/webdealta.info\/?page_id=297"},"modified":"2021-10-21T20:23:01","modified_gmt":"2021-10-22T00:23:01","slug":"servicios","status":"publish","type":"page","link":"https:\/\/webdealta.info\/?page_id=297","title":{"rendered":"Servicios por Rengl\u00f3n"},"content":{"rendered":"\n<h3 class=\"wp-block-heading\"><span class=\"has-inline-color has-vivid-cyan-blue-color\">Tendremos para usted la informaci\u00f3n apegada a lo que digan los responsables de distribuci\u00f3n<\/span>. <\/h3>\n\n\n\n<p><\/p>\n\n\n\n<h2 class=\"has-text-align-center wp-block-heading\"><a href=\"https:\/\/webdealta.info\/?page_id=3614\" data-type=\"URL\" data-id=\"https:\/\/webdealta.info\/?page_id=3614\">Para informaci\u00f3n sobre el despacho de <strong>Gasolina<\/strong> pulse aqu\u00ed<\/a><\/h2>\n\n\n\n<div class=\"wp-block-image\"><figure class=\"aligncenter size-full is-resized\"><img loading=\"lazy\" decoding=\"async\" src=\"https:\/\/webdealta.info\/wp-content\/uploads\/2021\/09\/png-transparent-filling-station-computer-icons-gasoline-pemex-map-text-trademark-logo.png\" alt=\"\" class=\"wp-image-3348\" width=\"180\" height=\"181\" srcset=\"https:\/\/webdealta.info\/wp-content\/uploads\/2021\/09\/png-transparent-filling-station-computer-icons-gasoline-pemex-map-text-trademark-logo.png 920w, https:\/\/webdealta.info\/wp-content\/uploads\/2021\/09\/png-transparent-filling-station-computer-icons-gasoline-pemex-map-text-trademark-logo.png 298w, https:\/\/webdealta.info\/wp-content\/uploads\/2021\/09\/png-transparent-filling-station-computer-icons-gasoline-pemex-map-text-trademark-logo.png 150w, https:\/\/webdealta.info\/wp-content\/uploads\/2021\/09\/png-transparent-filling-station-computer-icons-gasoline-pemex-map-text-trademark-logo.png 768w\" sizes=\"auto, (max-width: 180px) 100vw, 180px\" \/><figcaption>Gasolina<\/figcaption><\/figure><\/div>\n\n\n\n<p><\/p>\n\n\n\n<h1 class=\"has-text-align-center wp-block-heading\"><\/h1>\n\n\n\n<h2 class=\"has-text-align-center wp-block-heading\">Informaci\u00f3n Sobre Transporte Interurbano<\/h2>\n\n\n\n<div class=\"wp-block-image\"><figure class=\"aligncenter size-full\"><img loading=\"lazy\" decoding=\"async\" width=\"301\" height=\"167\" src=\"https:\/\/webdealta.info\/wp-content\/uploads\/2021\/09\/descarga.png\" alt=\"\" class=\"wp-image-3350\"\/><figcaption>Transporte P\u00fablico<\/figcaption><\/figure><\/div>\n\n\n\n<p class=\"has-text-align-center\"><strong><span style=\"text-decoration: underline;\"><span class=\"has-inline-color has-vivid-green-cyan-color\"><em>L\u00ednea Valles del Tuy<\/em><\/span><\/span><\/strong><\/p>\n\n\n\n<figure class=\"wp-block-table is-style-stripes\"><table><tbody><tr><td class=\"has-text-align-center\" data-align=\"center\"><strong>Altagracia &#8211; San Juan<\/strong><\/td><td>Sentido San Juan: <strong>4:00,6:00,7:00,9:30 am y 1:30pm<\/strong><\/td><td>Sentido Altagracia: <strong>8:30,10:00,11:30am y 1:00 pm y 4:00pm<\/strong><\/td><td><span class=\"has-inline-color has-vivid-red-color\"><strong>5$<\/strong><\/span><\/td><\/tr><tr><td class=\"has-text-align-center\" data-align=\"center\"><strong>Valle de la Pascua<\/strong><\/td><td><strong>Sentido La Pascua:<\/strong> 7:00 am<\/td><td>Sentido Altagracia: 1:30 pm<\/td><td><strong><span class=\"has-inline-color has-vivid-red-color\">5$<\/span><\/strong><\/td><\/tr><tr><td class=\"has-text-align-center\" data-align=\"center\"><\/td><td><\/td><td><\/td><td><\/td><\/tr><tr><td class=\"has-text-align-center\" data-align=\"center\"><\/td><td><\/td><td><br><\/td><td><\/td><\/tr><\/tbody><\/table><figcaption><strong><span class=\"has-inline-color has-vivid-red-color\">Horarios solo en Semana Flexible<\/span><\/strong><\/figcaption><\/figure>\n\n\n\n<p class=\"has-text-align-center\"><em><strong><span class=\"has-inline-color has-pale-cyan-blue-color\"><span style=\"text-decoration: underline;\">L\u00ednea Hermanos Unidos<\/span><\/span><\/strong><\/em> <\/p>\n\n\n\n<p class=\"has-text-align-center\"><strong><span class=\"has-inline-color has-luminous-vivid-amber-color\">N\u00famero de la Parada: 0412-9595432<\/span><\/strong><\/p>\n\n\n\n<figure class=\"wp-block-table is-style-stripes\"><table><tbody><tr><td><strong>Altagracia &#8211; Caracas de Lunes a Viernes:<\/strong><\/td><td><strong>Sentido Caracas:<\/strong><br> 2:00 am,3:00,4:30,6:00,7:00,8:00,9:00,10:00 <br><span class=\"has-inline-color has-vivid-red-color\"><strong>(S\u00e1bados 11:30)<\/strong><\/span><\/td><td><strong>Sentido Altagracia:<\/strong> De acuerdo al n\u00famero de pasajeros de la unidad<\/td><td><strong><span class=\"has-inline-color has-vivid-red-color\">5$<\/span><\/strong><\/td><\/tr><tr><td><strong>Altagracia &#8211; Caracas Domingo<\/strong>:<\/td><td><strong>Sentido Caracas:<\/strong><br>4:00am,5:00,6:00,7:00,8:00,9:00,10:00,11:00<br> y 12:00 pm<\/td><td> <strong>Sentido Altagracia:<\/strong> De acuerdo al n\u00famero de pasajeros de la unidad <\/td><td><strong><span class=\"has-inline-color has-vivid-red-color\">5$<\/span><\/strong><\/td><\/tr><\/tbody><\/table><figcaption><strong><span class=\"has-inline-color has-vivid-red-color\">Trabajan Solo en Semana Flexible<\/span><\/strong><\/figcaption><\/figure>\n\n\n\n<p><\/p>\n\n\n\n<p class=\"has-text-align-center\"><strong><span class=\"has-inline-color has-pale-pink-color\"><span style=\"text-decoration: underline;\">TURNOS FARMAC\u00c9UTICOS<\/span><\/span><\/strong><\/p>\n\n\n\n<div class=\"wp-block-image\"><figure class=\"aligncenter size-full\"><img loading=\"lazy\" decoding=\"async\" width=\"225\" height=\"225\" src=\"https:\/\/webdealta.info\/wp-content\/uploads\/2021\/09\/descarga-1.png\" alt=\"\" class=\"wp-image-3354\" srcset=\"https:\/\/webdealta.info\/wp-content\/uploads\/2021\/09\/descarga-1.png 225w, https:\/\/webdealta.info\/wp-content\/uploads\/2021\/09\/descarga-1.png 150w\" sizes=\"auto, (max-width: 225px) 100vw, 225px\" \/><figcaption>Farmacia<\/figcaption><\/figure><\/div>\n\n\n\n<h3 class=\"has-text-align-center wp-block-heading\"><span class=\"has-inline-color has-vivid-cyan-blue-color\">Para cualquier informaci\u00f3n contacte a los editores del sitio web.<\/span><\/h3>\n\n\n\n<figure class=\"wp-block-table is-style-stripes\"><table class=\"has-black-color has-vivid-green-cyan-background-color has-text-color has-background\"><thead><tr><th class=\"has-text-align-center\" data-align=\"center\">DIA<\/th><th class=\"has-text-align-center\" data-align=\"center\">FARMACIA<\/th><th class=\"has-text-align-center\" data-align=\"center\">DIRECCI\u00d3N<\/th><th class=\"has-text-align-center\" data-align=\"center\">TEL\u00c9FONO<\/th><\/tr><\/thead><tbody><tr><td class=\"has-text-align-center\" data-align=\"center\"><strong>S\u00c1BADO 16\/10\/2021<\/strong><\/td><td class=\"has-text-align-center\" data-align=\"center\">FARMACIA MADRE CANDELARIA<\/td><td class=\"has-text-align-center\" data-align=\"center\"><strong>CALLE PELL\u00d3N Y PALACIOS FRENTE A LA PANADERIA DE ALBERTO ALMEIDA<\/strong><\/td><td class=\"has-text-align-center\" data-align=\"center\"><span class=\"has-inline-color has-vivid-red-color\">0238<br>3341828<\/span><\/td><\/tr><tr><td class=\"has-text-align-center\" data-align=\"center\"><strong>DOMINGO 17\/10\/2021<\/strong><\/td><td class=\"has-text-align-center\" data-align=\"center\">FARMACIA <br>SANTA ANA 1<\/td><td class=\"has-text-align-center\" data-align=\"center\"><strong>CALLE HURTADO ASCANIO CRUCE CON AYACUCHO FRENTE AL HOSPITAL<\/strong><\/td><td class=\"has-text-align-center\" data-align=\"center\"><span class=\"has-inline-color has-vivid-red-color\">0238<br>3342663<\/span><\/td><\/tr><tr><td class=\"has-text-align-center\" data-align=\"center\"> <strong>MARTES 12\/10\/2021<\/strong> <\/td><td class=\"has-text-align-center\" data-align=\"center\">SIN TURNO<\/td><td class=\"has-text-align-center\" data-align=\"center\"><strong>SIN TURNO<\/strong><\/td><td class=\"has-text-align-center\" data-align=\"center\"><\/td><\/tr><tr><td class=\"has-text-align-center\" data-align=\"center\"><strong>MIERCOLES 13\/10\/2021<\/strong><\/td><td class=\"has-text-align-center\" data-align=\"center\">FARMACIA EDYMAR<\/td><td class=\"has-text-align-center\" data-align=\"center\"><strong>CALLE ILUSTRES PR\u00d3CERES FRENTE A TERMINAL COLECTIVOS ALTAGRACIA<\/strong><\/td><td class=\"has-text-align-center\" data-align=\"center\"><span class=\"has-inline-color has-vivid-red-color\">0238<br>3341616<\/span><\/td><\/tr><tr><td class=\"has-text-align-center\" data-align=\"center\"><strong>JUEVES 14\/10\/2021<\/strong><\/td><td class=\"has-text-align-center\" data-align=\"center\">FARMACIA SAN ANTONIO<\/td><td class=\"has-text-align-center\" data-align=\"center\"><strong>CALLE LIBERTAD CRUCE CON PARA\u00cdSO<\/strong><\/td><td class=\"has-text-align-center\" data-align=\"center\"><span class=\"has-inline-color has-vivid-red-color\">0238<br>3342652<\/span><\/td><\/tr><tr><td class=\"has-text-align-center\" data-align=\"center\"><strong>VIERNES 15\/10\/2021<\/strong><\/td><td class=\"has-text-align-center\" data-align=\"center\">FARMACIA <br>SANTA ANA 2<\/td><td class=\"has-text-align-center\" data-align=\"center\"><strong>SECTOR SALADILLO CERCA DE LA ALCABALA<\/strong><\/td><td class=\"has-text-align-center\" data-align=\"center\"><span class=\"has-inline-color has-vivid-red-color\">0238<br>3342834<\/span><\/td><\/tr><tr><td class=\"has-text-align-center\" data-align=\"center\"><strong>S\u00c1BADO 16\/10\/2021<\/strong> <\/td><td class=\"has-text-align-center\" data-align=\"center\"> FARMACIA MADRE CANDELARIA <\/td><td class=\"has-text-align-center\" data-align=\"center\"> <strong>CALLE PELL\u00d3N Y PALACIOS FRENTE A LA PANADERIA DE ALBERTO ALMEIDA<\/strong> <\/td><td class=\"has-text-align-center\" data-align=\"center\"><span class=\"has-inline-color has-vivid-red-color\"> 0238<br>3341828<\/span> <\/td><\/tr><tr><td class=\"has-text-align-center\" data-align=\"center\"><strong>DOMINGO 17\/10\/2021<\/strong><\/td><td class=\"has-text-align-center\" data-align=\"center\">FARMACIA <br>SANTA ANA 1<\/td><td class=\"has-text-align-center\" data-align=\"center\"> <strong>CALLE HURTADO ASCANIO CRUCE CON AYACUCHO FRENTE AL HOSPITAL <\/strong><\/td><td class=\"has-text-align-center\" data-align=\"center\"><span class=\"has-inline-color has-vivid-red-color\">0238<br>3342663<\/span><\/td><\/tr><\/tbody><\/table><\/figure>\n\n\n\n<p><\/p>\n","protected":false},"excerpt":{"rendered":"<p>Tendremos para usted la informaci\u00f3n apegada a lo que digan los responsables de distribuci\u00f3n. Para informaci\u00f3n sobre el despacho de Gasolina pulse aqu\u00ed Informaci\u00f3n Sobre Transporte Interurbano L\u00ednea Valles del Tuy Altagracia &#8211; San Juan Sentido San Juan: 4:00,6:00,7:00,9:30 am y 1:30pm Sentido Altagracia: 8:30,10:00,11:30am y 1:00 pm y 4:00pm<\/p>\n","protected":false},"author":3,"featured_media":3450,"parent":0,"menu_order":0,"comment_status":"closed","ping_status":"closed","template":"","meta":{"advanced_seo_description":"","jetpack_seo_html_title":"","jetpack_seo_noindex":false,"footnotes":""},"class_list":["post-297","page","type-page","status-publish","has-post-thumbnail","hentry",""],"jetpack_sharing_enabled":true,"jetpack_likes_enabled":true,"jetpack-related-posts":[],"jetpack_shortlink":"https:\/\/wp.me\/PcseDn-4N","_links":{"self":[{"href":"https:\/\/webdealta.info\/index.php?rest_route=\/wp\/v2\/pages\/297","targetHints":{"allow":["GET"]}}],"collection":[{"href":"https:\/\/webdealta.info\/index.php?rest_route=\/wp\/v2\/pages"}],"about":[{"href":"https:\/\/webdealta.info\/index.php?rest_route=\/wp\/v2\/types\/page"}],"author":[{"embeddable":true,"href":"https:\/\/webdealta.info\/index.php?rest_route=\/wp\/v2\/users\/3"}],"replies":[{"embeddable":true,"href":"https:\/\/webdealta.info\/index.php?rest_route=%2Fwp%2Fv2%2Fcomments&post=297"}],"version-history":[{"count":40,"href":"https:\/\/webdealta.info\/index.php?rest_route=\/wp\/v2\/pages\/297\/revisions"}],"predecessor-version":[{"id":3618,"href":"https:\/\/webdealta.info\/index.php?rest_route=\/wp\/v2\/pages\/297\/revisions\/3618"}],"wp:featuredmedia":[{"embeddable":true,"href":"https:\/\/webdealta.info\/index.php?rest_route=\/wp\/v2\/media\/3450"}],"wp:attachment":[{"href":"https:\/\/webdealta.info\/index.php?rest_route=%2Fwp%2Fv2%2Fmedia&parent=297"}],"curies":[{"name":"wp","href":"https:\/\/api.w.org\/{rel}","templated":true}]}}